{"id":1167,"date":"2023-03-27T16:02:13","date_gmt":"2023-03-27T16:02:13","guid":{"rendered":"https:\/\/efs-milano2023.org\/?page_id=1167"},"modified":"2026-04-15T13:11:43","modified_gmt":"2026-04-15T13:11:43","slug":"clanstvo","status":"publish","type":"page","link":"https:\/\/medvis.rs\/en\/clanstvo\/","title":{"rendered":"Membership"},"content":{"rendered":"<div class=\"fusion-fullwidth fullwidth-box fusion-builder-row-1 fusion-flex-container nonhundred-percent-fullwidth non-hundred-percent-height-scrolling\" style=\"background-color: var(--awb-color1);background-position: center center;background-repeat: no-repeat;border-width: 0px 0px 0px 0px;border-color:var(--awb-color3);border-style:solid;\" ><div class=\"fusion-builder-row fusion-row fusion-flex-align-items-stretch\" style=\"max-width:1216.8px;margin-left: calc(-4% \/ 2 );margin-right: calc(-4% \/ 2 );\"><div class=\"fusion-layout-column fusion_builder_column fusion-builder-column-0 fusion_builder_column_1_1 1_1 fusion-flex-column\"><div class=\"fusion-column-wrapper fusion-flex-justify-content-flex-start fusion-content-layout-column\" style=\"background-position:left top;background-blend-mode: overlay;background-repeat:no-repeat;-webkit-background-size:cover;-moz-background-size:cover;-o-background-size:cover;background-size:cover;padding: 0px 0px 0px 0px;\"><div class=\"fusion-text fusion-text-1\" style=\"text-align:justify;\"><h4>BECOME A MEMBER<\/h4>\n<div>We invite all colleagues to become members of MEDVIS and contribute to the development of medical virology, the exchange of knowledge and the improvement of science and the quality of health care.<\/div>\n<div><\/div>\n<div>Starting in January 2027, every member of the Association will be required to pay membership fees regularly throughout their membership. The Assembly of the Association adopts the amount of the membership fee for each calendar year on the proposal of the Board of Directors.<\/div>\n<div><\/div>\n<div>Welcome to a community dedicated to knowledge, collaboration and professional values.<\/div>\n<\/div><\/div><style type=\"text\/css\">.fusion-body .fusion-builder-column-0{width:100% !important;margin-top : 0px;margin-bottom : 20px;}.fusion-builder-column-0 > .fusion-column-wrapper {padding-top : 0px !important;padding-right : 0px !important;margin-right : 1.92%;padding-bottom : 0px !important;padding-left : 0px !important;margin-left : 1.92%;}@media only screen and (max-width:1024px) {.fusion-body .fusion-builder-column-0{width:100% !important;}.fusion-builder-column-0 > .fusion-column-wrapper {margin-right : 1.92%;margin-left : 1.92%;}}@media only screen and (max-width:640px) {.fusion-body .fusion-builder-column-0{width:100% !important;}.fusion-builder-column-0 > .fusion-column-wrapper {margin-right : 1.92%;margin-left : 1.92%;}}<\/style><\/div><div class=\"fusion-layout-column fusion_builder_column fusion-builder-column-1 fusion_builder_column_1_1 1_1 fusion-flex-column\"><div class=\"fusion-column-wrapper fusion-flex-justify-content-flex-start fusion-content-layout-column\" style=\"background-position:left top;background-repeat:no-repeat;-webkit-background-size:cover;-moz-background-size:cover;-o-background-size:cover;background-size:cover;padding: 0px 0px 0px 0px;\"><div class=\"fusion-text fusion-text-2\"><h4 style=\"text-align: left;\">Membership Application Form<\/h4>\n<\/div><\/div><style type=\"text\/css\">.fusion-body .fusion-builder-column-1{width:100% !important;margin-top : 0px;margin-bottom : 20px;}.fusion-builder-column-1 > .fusion-column-wrapper {padding-top : 0px !important;padding-right : 0px !important;margin-right : 1.92%;padding-bottom : 0px !important;padding-left : 0px !important;margin-left : 1.92%;}@media only screen and (max-width:1024px) {.fusion-body .fusion-builder-column-1{width:100% !important;order : 0;}.fusion-builder-column-1 > .fusion-column-wrapper {margin-right : 1.92%;margin-left : 1.92%;}}@media only screen and (max-width:640px) {.fusion-body .fusion-builder-column-1{width:100% !important;order : 0;}.fusion-builder-column-1 > .fusion-column-wrapper {margin-right : 1.92%;margin-left : 1.92%;}}<\/style><\/div><div class=\"fusion-layout-column fusion_builder_column fusion-builder-column-2 fusion_builder_column_1_2 1_2 fusion-flex-column\"><div class=\"fusion-column-wrapper fusion-flex-justify-content-flex-start fusion-content-layout-column\" style=\"background-position:left top;background-repeat:no-repeat;-webkit-background-size:cover;-moz-background-size:cover;-o-background-size:cover;background-size:cover;padding: 0px 0px 0px 0px;\"><div class=\"fusion-text fusion-text-3\"><h5 style=\"text-align: left;\">\n<div class=\"wpcf7 no-js\" id=\"wpcf7-f1454-o1\" lang=\"en-US\" dir=\"ltr\" data-wpcf7-id=\"1454\">\n<div class=\"screen-reader-response\"><p role=\"status\" aria-live=\"polite\" aria-atomic=\"true\"><\/p> <ul><\/ul><\/div>\n<form action=\"\/en\/wp-json\/wp\/v2\/pages\/1167#wpcf7-f1454-o1\" method=\"post\" class=\"wpcf7-form init\" aria-label=\"Contact form\" novalidate=\"novalidate\" data-status=\"init\">\n<fieldset class=\"hidden-fields-container\"><input type=\"hidden\" name=\"_wpcf7\" value=\"1454\" \/><input type=\"hidden\" name=\"_wpcf7_version\" value=\"6.1.5\" \/><input type=\"hidden\" name=\"_wpcf7_locale\" value=\"en_US\" \/><input type=\"hidden\" name=\"_wpcf7_unit_tag\" value=\"wpcf7-f1454-o1\" \/><input type=\"hidden\" name=\"_wpcf7_container_post\" value=\"0\" \/><input type=\"hidden\" name=\"_wpcf7_posted_data_hash\" value=\"\" \/><input type=\"hidden\" name=\"lang\" value=\"en\" \/>\n<\/fieldset>\n<p>Full Name*\n<\/p>\n<p><span class=\"wpcf7-form-control-wrap\" data-name=\"your-name\"><input size=\"40\" maxlength=\"400\" class=\"wpcf7-form-control wpcf7-text wpcf7-validates-as-required\" aria-required=\"true\" aria-invalid=\"false\" value=\"\" type=\"text\" name=\"your-name\" \/><\/span>\n<\/p>\n<p>Specialty*\n<\/p>\n<p><span class=\"wpcf7-form-control-wrap\" data-name=\"text-892\"><input size=\"40\" maxlength=\"400\" class=\"wpcf7-form-control wpcf7-text\" aria-invalid=\"false\" value=\"\" type=\"text\" name=\"text-892\" \/><\/span>\n<\/p>\n<p>Institution*\n<\/p>\n<p><span class=\"wpcf7-form-control-wrap\" data-name=\"text-893\"><input size=\"40\" maxlength=\"400\" class=\"wpcf7-form-control wpcf7-text\" aria-invalid=\"false\" value=\"\" type=\"text\" name=\"text-893\" \/><\/span>\n<\/p>\n<p>License Number*\n<\/p>\n<p><span class=\"wpcf7-form-control-wrap\" data-name=\"number-427\"><input class=\"wpcf7-form-control wpcf7-number wpcf7-validates-as-number\" aria-invalid=\"false\" value=\"\" type=\"number\" name=\"number-427\" \/><\/span>\n<\/p>\n<p>Address*\n<\/p>\n<p><span class=\"wpcf7-form-control-wrap\" data-name=\"text-894\"><input size=\"40\" maxlength=\"400\" class=\"wpcf7-form-control wpcf7-text\" aria-invalid=\"false\" value=\"\" type=\"text\" name=\"text-894\" \/><\/span>\n<\/p>\n<p>Contact Phone*\n<\/p>\n<p><span class=\"wpcf7-form-control-wrap\" data-name=\"tel-0\"><input size=\"40\" maxlength=\"400\" class=\"wpcf7-form-control wpcf7-tel wpcf7-text wpcf7-validates-as-tel\" aria-invalid=\"false\" value=\"\" type=\"tel\" name=\"tel-0\" \/><\/span>\n<\/p>\n<p>Residential Address*\n<\/p>\n<p><span class=\"wpcf7-form-control-wrap\" data-name=\"text-895\"><input size=\"40\" maxlength=\"400\" class=\"wpcf7-form-control wpcf7-text\" aria-invalid=\"false\" value=\"\" type=\"text\" name=\"text-895\" \/><\/span>\n<\/p>\n<p>Email*\n<\/p>\n<p><span class=\"wpcf7-form-control-wrap\" data-name=\"your-email\"><input size=\"40\" maxlength=\"400\" class=\"wpcf7-form-control wpcf7-email wpcf7-validates-as-required wpcf7-text wpcf7-validates-as-email\" aria-required=\"true\" aria-invalid=\"false\" value=\"\" type=\"email\" name=\"your-email\" \/><\/span>\n<\/p>\n<p>Date*\n<\/p>\n<p><span class=\"wpcf7-form-control-wrap\" data-name=\"date-738\"><input class=\"wpcf7-form-control wpcf7-date wpcf7-validates-as-date\" aria-invalid=\"false\" value=\"\" type=\"date\" name=\"date-738\" \/><\/span>\n<\/p>\n<p><span class=\"wpcf7-form-control-wrap\" data-name=\"acceptance-971\"><span class=\"wpcf7-form-control wpcf7-acceptance\"><span class=\"wpcf7-list-item\"><label><input type=\"checkbox\" name=\"acceptance-971\" value=\"1\" aria-invalid=\"false\" \/><span class=\"wpcf7-list-item-label\">I accept the membership terms defined in the statute<\/span><\/label><\/span><\/span><\/span>\n<\/p>\n<p><input class=\"wpcf7-form-control wpcf7-submit has-spinner\" type=\"submit\" value=\"Send\" \/>\n<\/p><p style=\"display: none !important;\" class=\"akismet-fields-container\" data-prefix=\"_wpcf7_ak_\"><label>&#916;<textarea name=\"_wpcf7_ak_hp_textarea\" cols=\"45\" rows=\"8\" maxlength=\"100\"><\/textarea><\/label><input type=\"hidden\" id=\"ak_js_1\" name=\"_wpcf7_ak_js\" value=\"225\"\/><script>document.getElementById( \"ak_js_1\" ).setAttribute( \"value\", ( new Date() ).getTime() );<\/script><\/p><div class=\"fusion-alert alert custom alert-custom fusion-alert-center wpcf7-response-output alert-dismissable\" style=\"border-width:1px;\"><button type=\"button\" class=\"close toggle-alert\" data-dismiss=\"alert\" aria-label=\"Close\">&times;<\/button><div class=\"fusion-alert-content-wrapper\"><span class=\"fusion-alert-content\"><\/span><\/div><\/div>\n<\/form>\n<\/div>\n<\/h5>\n<\/div><\/div><style type=\"text\/css\">.fusion-body .fusion-builder-column-2{width:50% !important;margin-top : 0px;margin-bottom : 20px;}.fusion-builder-column-2 > .fusion-column-wrapper {padding-top : 0px !important;padding-right : 0px !important;margin-right : 3.84%;padding-bottom : 0px !important;padding-left : 0px !important;margin-left : 3.84%;}@media only screen and (max-width:1024px) {.fusion-body .fusion-builder-column-2{width:50% !important;order : 0;}.fusion-builder-column-2 > .fusion-column-wrapper {margin-right : 3.84%;margin-left : 3.84%;}}@media only screen and (max-width:640px) {.fusion-body .fusion-builder-column-2{width:100% !important;order : 0;}.fusion-builder-column-2 > .fusion-column-wrapper {margin-right : 1.92%;margin-left : 1.92%;}}<\/style><\/div><div class=\"fusion-layout-column fusion_builder_column fusion-builder-column-3 fusion_builder_column_1_3 1_3 fusion-flex-column\"><div class=\"fusion-column-wrapper fusion-flex-justify-content-flex-start fusion-content-layout-column\" style=\"background-position:left top;background-repeat:no-repeat;-webkit-background-size:cover;-moz-background-size:cover;-o-background-size:cover;background-size:cover;padding: 0px 0px 0px 0px;\"><\/div><style type=\"text\/css\">.fusion-body .fusion-builder-column-3{width:33.333333333333% !important;margin-top : 0px;margin-bottom : 20px;}.fusion-builder-column-3 > .fusion-column-wrapper {padding-top : 0px !important;padding-right : 0px !important;margin-right : 5.76%;padding-bottom : 0px !important;padding-left : 0px !important;margin-left : 5.76%;}@media only screen and (max-width:1024px) {.fusion-body .fusion-builder-column-3{width:33.333333333333% !important;order : 0;}.fusion-builder-column-3 > .fusion-column-wrapper {margin-right : 5.76%;margin-left : 5.76%;}}@media only screen and (max-width:640px) {.fusion-body .fusion-builder-column-3{width:100% !important;order : 0;}.fusion-builder-column-3 > .fusion-column-wrapper {margin-right : 1.92%;margin-left : 1.92%;}}<\/style><\/div><\/div><style type=\"text\/css\">.fusion-body .fusion-flex-container.fusion-builder-row-1{ padding-top : 100px;margin-top : 0px;padding-right : 0px;padding-bottom : 105px;margin-bottom : 0px;padding-left : 0px;}@media only screen and (max-width:1024px) {.fusion-body .fusion-flex-container.fusion-builder-row-1{ padding-bottom : 80px;}}<\/style><\/div>\n","protected":false},"excerpt":{"rendered":"","protected":false},"author":4,"featured_media":0,"parent":0,"menu_order":0,"comment_status":"closed","ping_status":"closed","template":"100-width.php","meta":{"footnotes":""},"class_list":["post-1167","page","type-page","status-publish","hentry"],"yoast_head":"<!-- This site is optimized with the Yoast SEO plugin v27.4 - https:\/\/yoast.com\/product\/yoast-seo-wordpress\/ -->\n<title>Membership<\/title>\n<meta name=\"description\" content=\"Each member of the Association is required to regularly pay the membership fee throughout the duration of their membership.\" \/>\n<meta name=\"robots\" content=\"index, follow, max-snippet:-1, max-image-preview:large, max-video-preview:-1\" \/>\n<link rel=\"canonical\" href=\"https:\/\/medvis.rs\/en\/clanstvo\/\" \/>\n<meta property=\"og:locale\" content=\"en_GB\" \/>\n<meta property=\"og:locale:alternate\" content=\"sr_RS\" \/>\n<meta property=\"og:type\" content=\"article\" \/>\n<meta property=\"og:title\" content=\"Membership\" \/>\n<meta property=\"og:description\" content=\"Each member of the Association is required to regularly pay the membership fee throughout the duration of their membership.\" \/>\n<meta property=\"og:url\" content=\"https:\/\/medvis.rs\/en\/clanstvo\/\" \/>\n<meta property=\"og:site_name\" content=\"MEDVIS\" \/>\n<meta property=\"article:modified_time\" content=\"2026-04-15T13:11:43+00:00\" \/>\n<meta name=\"twitter:card\" content=\"summary_large_image\" \/>\n<meta name=\"twitter:label1\" content=\"Estimated reading time\" \/>\n\t<meta name=\"twitter:data1\" content=\"3 minutes\" \/>\n<script type=\"application\/ld+json\" class=\"yoast-schema-graph\">{\"@context\":\"https:\\\/\\\/schema.org\",\"@graph\":[{\"@type\":\"WebPage\",\"@id\":\"https:\\\/\\\/medvis.rs\\\/en\\\/clanstvo\\\/\",\"url\":\"https:\\\/\\\/medvis.rs\\\/en\\\/clanstvo\\\/\",\"name\":\"Membership\",\"isPartOf\":{\"@id\":\"https:\\\/\\\/medvis.rs\\\/#website\"},\"datePublished\":\"2023-03-27T16:02:13+00:00\",\"dateModified\":\"2026-04-15T13:11:43+00:00\",\"description\":\"Each member of the Association is required to regularly pay the membership fee throughout the duration of their membership.\",\"breadcrumb\":{\"@id\":\"https:\\\/\\\/medvis.rs\\\/en\\\/clanstvo\\\/#breadcrumb\"},\"inLanguage\":\"en-GB\",\"potentialAction\":[{\"@type\":\"ReadAction\",\"target\":[\"https:\\\/\\\/medvis.rs\\\/en\\\/clanstvo\\\/\"]}]},{\"@type\":\"BreadcrumbList\",\"@id\":\"https:\\\/\\\/medvis.rs\\\/en\\\/clanstvo\\\/#breadcrumb\",\"itemListElement\":[{\"@type\":\"ListItem\",\"position\":1,\"name\":\"Home\",\"item\":\"https:\\\/\\\/medvis.rs\\\/\"},{\"@type\":\"ListItem\",\"position\":2,\"name\":\"Membership\"}]},{\"@type\":\"WebSite\",\"@id\":\"https:\\\/\\\/medvis.rs\\\/#website\",\"url\":\"https:\\\/\\\/medvis.rs\\\/\",\"name\":\"MEDVIS\",\"description\":\"Medicinski virusolozi Srbije\",\"publisher\":{\"@id\":\"https:\\\/\\\/medvis.rs\\\/#organization\"},\"potentialAction\":[{\"@type\":\"SearchAction\",\"target\":{\"@type\":\"EntryPoint\",\"urlTemplate\":\"https:\\\/\\\/medvis.rs\\\/?s={search_term_string}\"},\"query-input\":{\"@type\":\"PropertyValueSpecification\",\"valueRequired\":true,\"valueName\":\"search_term_string\"}}],\"inLanguage\":\"en-GB\"},{\"@type\":\"Organization\",\"@id\":\"https:\\\/\\\/medvis.rs\\\/#organization\",\"name\":\"Medicinski virusolozi Srbije\",\"url\":\"https:\\\/\\\/medvis.rs\\\/\",\"logo\":{\"@type\":\"ImageObject\",\"inLanguage\":\"en-GB\",\"@id\":\"https:\\\/\\\/medvis.rs\\\/#\\\/schema\\\/logo\\\/image\\\/\",\"url\":\"https:\\\/\\\/medvis.rs\\\/wp-content\\\/uploads\\\/2026\\\/04\\\/cropped-MEDVIS-Logo-REGULAR-OL-scaled-1.png\",\"contentUrl\":\"https:\\\/\\\/medvis.rs\\\/wp-content\\\/uploads\\\/2026\\\/04\\\/cropped-MEDVIS-Logo-REGULAR-OL-scaled-1.png\",\"width\":512,\"height\":512,\"caption\":\"Medicinski virusolozi Srbije\"},\"image\":{\"@id\":\"https:\\\/\\\/medvis.rs\\\/#\\\/schema\\\/logo\\\/image\\\/\"},\"sameAs\":[\"https:\\\/\\\/www.instagram.com\\\/medicinski_virusolozi_srbije?utm_source=ig_web_button_share_sheet&igsh=ZDNlZDc0MzIxNw==\"]}]}<\/script>\n<!-- \/ Yoast SEO plugin. -->","yoast_head_json":{"title":"Membership","description":"Each member of the Association is required to regularly pay the membership fee throughout the duration of their membership.","robots":{"index":"index","follow":"follow","max-snippet":"max-snippet:-1","max-image-preview":"max-image-preview:large","max-video-preview":"max-video-preview:-1"},"canonical":"https:\/\/medvis.rs\/en\/clanstvo\/","og_locale":"en_GB","og_type":"article","og_title":"[:rs][:rs]\u010clanstvo[:en]Membership[:] - POSTANITE NA\u0160 \u010cLAN[:]","og_description":"[:rs]Pozivamo sve kolege da postanu \u010dlanovi MEDVIS-a i doprinesu razvoju medicinske virusologije, razmeni znanja i unapre\u0111enju nauke i kvaliteta zdravstvene za\u0161tite.[:en]Each member of the Association is required to regularly pay the membership fee throughout the duration of their membership.[:]","og_url":"https:\/\/medvis.rs\/en\/clanstvo\/","og_site_name":"MEDVIS","article_modified_time":"2026-04-15T13:11:43+00:00","twitter_card":"summary_large_image","twitter_misc":{"Estimated reading time":"3 minutes"},"schema":{"@context":"https:\/\/schema.org","@graph":[{"@type":"WebPage","@id":"https:\/\/medvis.rs\/en\/clanstvo\/","url":"https:\/\/medvis.rs\/en\/clanstvo\/","name":"Membership","isPartOf":{"@id":"https:\/\/medvis.rs\/#website"},"datePublished":"2023-03-27T16:02:13+00:00","dateModified":"2026-04-15T13:11:43+00:00","description":"Each member of the Association is required to regularly pay the membership fee throughout the duration of their membership.","breadcrumb":{"@id":"https:\/\/medvis.rs\/en\/clanstvo\/#breadcrumb"},"inLanguage":"en-GB","potentialAction":[{"@type":"ReadAction","target":["https:\/\/medvis.rs\/en\/clanstvo\/"]}]},{"@type":"BreadcrumbList","@id":"https:\/\/medvis.rs\/en\/clanstvo\/#breadcrumb","itemListElement":[{"@type":"ListItem","position":1,"name":"Home","item":"https:\/\/medvis.rs\/"},{"@type":"ListItem","position":2,"name":"Membership"}]},{"@type":"WebSite","@id":"https:\/\/medvis.rs\/#website","url":"https:\/\/medvis.rs\/","name":"MEDVIS","description":"Medicinski virusolozi Srbije","publisher":{"@id":"https:\/\/medvis.rs\/#organization"},"potentialAction":[{"@type":"SearchAction","target":{"@type":"EntryPoint","urlTemplate":"https:\/\/medvis.rs\/?s={search_term_string}"},"query-input":{"@type":"PropertyValueSpecification","valueRequired":true,"valueName":"search_term_string"}}],"inLanguage":"en-GB"},{"@type":"Organization","@id":"https:\/\/medvis.rs\/#organization","name":"Medicinski virusolozi Srbije","url":"https:\/\/medvis.rs\/","logo":{"@type":"ImageObject","inLanguage":"en-GB","@id":"https:\/\/medvis.rs\/#\/schema\/logo\/image\/","url":"https:\/\/medvis.rs\/wp-content\/uploads\/2026\/04\/cropped-MEDVIS-Logo-REGULAR-OL-scaled-1.png","contentUrl":"https:\/\/medvis.rs\/wp-content\/uploads\/2026\/04\/cropped-MEDVIS-Logo-REGULAR-OL-scaled-1.png","width":512,"height":512,"caption":"Medicinski virusolozi Srbije"},"image":{"@id":"https:\/\/medvis.rs\/#\/schema\/logo\/image\/"},"sameAs":["https:\/\/www.instagram.com\/medicinski_virusolozi_srbije?utm_source=ig_web_button_share_sheet&igsh=ZDNlZDc0MzIxNw=="]}]}},"_links":{"self":[{"href":"https:\/\/medvis.rs\/en\/wp-json\/wp\/v2\/pages\/1167","targetHints":{"allow":["GET"]}}],"collection":[{"href":"https:\/\/medvis.rs\/en\/wp-json\/wp\/v2\/pages"}],"about":[{"href":"https:\/\/medvis.rs\/en\/wp-json\/wp\/v2\/types\/page"}],"author":[{"embeddable":true,"href":"https:\/\/medvis.rs\/en\/wp-json\/wp\/v2\/users\/4"}],"replies":[{"embeddable":true,"href":"https:\/\/medvis.rs\/en\/wp-json\/wp\/v2\/comments?post=1167"}],"version-history":[{"count":13,"href":"https:\/\/medvis.rs\/en\/wp-json\/wp\/v2\/pages\/1167\/revisions"}],"predecessor-version":[{"id":1470,"href":"https:\/\/medvis.rs\/en\/wp-json\/wp\/v2\/pages\/1167\/revisions\/1470"}],"wp:attachment":[{"href":"https:\/\/medvis.rs\/en\/wp-json\/wp\/v2\/media?parent=1167"}],"curies":[{"name":"wp","href":"https:\/\/api.w.org\/{rel}","templated":true}]}}