{"id":9,"date":"2016-11-01T15:39:26","date_gmt":"2016-11-01T15:39:26","guid":{"rendered":"http:\/\/hosting4.sajtweb.net\/?page_id=9"},"modified":"2026-04-15T13:10:59","modified_gmt":"2026-04-15T13:10:59","slug":"o-nama","status":"publish","type":"page","link":"https:\/\/medvis.rs\/en\/o-nama\/","title":{"rendered":"About Us"},"content":{"rendered":"<div class=\"fusion-fullwidth fullwidth-box fusion-builder-row-1 fusion-flex-container nonhundred-percent-fullwidth non-hundred-percent-height-scrolling\" style=\"background-color: var(--awb-color1);background-position: center center;background-repeat: no-repeat;border-width: 0px 0px 0px 0px;border-color:var(--awb-color3);border-style:solid;\" ><div class=\"fusion-builder-row fusion-row fusion-flex-align-items-stretch\" style=\"max-width:1216.8px;margin-left: calc(-4% \/ 2 );margin-right: calc(-4% \/ 2 );\"><div class=\"fusion-layout-column fusion_builder_column fusion-builder-column-0 fusion_builder_column_1_1 1_1 fusion-flex-column\"><div class=\"fusion-column-wrapper fusion-flex-justify-content-flex-start fusion-content-layout-column\" style=\"background-position:left top;background-blend-mode: overlay;background-repeat:no-repeat;-webkit-background-size:cover;-moz-background-size:cover;-o-background-size:cover;background-size:cover;padding: 0px 0px 0px 0px;\"><div class=\"fusion-text fusion-text-1\" style=\"text-align:justify;\"><p>The vision of the Medical Virologists of Serbia (MEDVIS) is to unify the efforts of various medical branches across our country and region to improve human health by developing and applying the latest knowledge in medical virology. We aspire to be a leading professional and scientific community that connects laboratory diagnostics, clinical practice, public health, and translational research, while contributing to the development of high standards of everyday medical practice. One of MEDVIS&#8217;s priorities is a multidisciplinary approach to the prevention, diagnosis, and control of viral infections in Serbia and beyond.<\/p>\n<p><strong>Mission, Objectives and Activities<\/strong><\/p>\n<ul>\n<li data-section-id=\"xo01op\" data-start=\"198\" data-end=\"269\">Contributing to the development and advancement of medical virology<\/li>\n<li data-section-id=\"1qi9m52\" data-start=\"270\" data-end=\"346\">Promoting an interdisciplinary approach in the field of viral infections<\/li>\n<li data-section-id=\"1d4kv1a\" data-start=\"347\" data-end=\"430\">Improving the diagnosis, treatment, prevention and monitoring of viral diseases<\/li>\n<li data-section-id=\"1fltsqe\" data-start=\"431\" data-end=\"507\">Enabling national and international exchange of knowledge and experience<\/li>\n<li data-section-id=\"rgdvyv\" data-start=\"508\" data-end=\"594\">Organizing professional and scientific meetings, congresses, symposia and seminars<\/li>\n<li data-section-id=\"4g1sek\" data-start=\"595\" data-end=\"677\">Hosting lectures and professional visits by national and international experts<\/li>\n<li data-section-id=\"4tqx2j\" data-start=\"678\" data-end=\"744\">Educating young physicians, biologists and other professionals<\/li>\n<li data-section-id=\"x16bph\" data-start=\"745\" data-end=\"831\">Supporting continuous professional development and encouraging scientific research<\/li>\n<li data-section-id=\"1x7jiv\" data-start=\"832\" data-end=\"888\">Participating in national and international projects<\/li>\n<li data-section-id=\"ir3i4d\" data-start=\"889\" data-end=\"951\">Developing professional guidelines and consensus documents<\/li>\n<li data-section-id=\"1tduv25\" data-start=\"952\" data-end=\"1011\">Cooperating with healthcare and scientific institutions<\/li>\n<\/ul>\n<\/div><div class=\"fusion-separator fusion-full-width-sep\" style=\"align-self: center;margin-left: auto;margin-right: auto;margin-top:50px;width:100%;\"><\/div><\/div><style type=\"text\/css\">.fusion-body .fusion-builder-column-0{width:100% !important;margin-top : 0px;margin-bottom : 20px;}.fusion-builder-column-0 > .fusion-column-wrapper {padding-top : 0px !important;padding-right : 0px !important;margin-right : 1.92%;padding-bottom : 0px !important;padding-left : 0px !important;margin-left : 1.92%;}@media only screen and (max-width:1024px) {.fusion-body .fusion-builder-column-0{width:100% !important;}.fusion-builder-column-0 > .fusion-column-wrapper {margin-right : 1.92%;margin-left : 1.92%;}}@media only screen and (max-width:640px) {.fusion-body .fusion-builder-column-0{width:100% !important;}.fusion-builder-column-0 > .fusion-column-wrapper {margin-right : 1.92%;margin-left : 1.92%;}}<\/style><\/div><\/div><style type=\"text\/css\">.fusion-body .fusion-flex-container.fusion-builder-row-1{ padding-top : 100px;margin-top : 0px;padding-right : 0px;padding-bottom : 105px;margin-bottom : 0px;padding-left : 0px;}@media only screen and (max-width:1024px) {.fusion-body .fusion-flex-container.fusion-builder-row-1{ padding-bottom : 80px;}}<\/style><\/div>\n","protected":false},"excerpt":{"rendered":"","protected":false},"author":4,"featured_media":0,"parent":0,"menu_order":0,"comment_status":"closed","ping_status":"closed","template":"100-width.php","meta":{"footnotes":""},"class_list":["post-9","page","type-page","status-publish","hentry"],"yoast_head":"<!-- This site is optimized with the Yoast SEO plugin v27.4 - https:\/\/yoast.com\/product\/yoast-seo-wordpress\/ -->\n<title>About Us<\/title>\n<meta name=\"description\" content=\"Medical Virologists of Serbia (MEDVIS)Kara\u0111or\u0111ev trg 34, Zemun\" \/>\n<meta name=\"robots\" content=\"index, follow, max-snippet:-1, max-image-preview:large, max-video-preview:-1\" \/>\n<link rel=\"canonical\" href=\"https:\/\/medvis.rs\/en\/o-nama\/\" \/>\n<meta property=\"og:locale\" content=\"en_GB\" \/>\n<meta property=\"og:locale:alternate\" content=\"sr_RS\" \/>\n<meta property=\"og:type\" content=\"article\" \/>\n<meta property=\"og:title\" content=\"About Us\" \/>\n<meta property=\"og:description\" content=\"Medical Virologists of Serbia (MEDVIS)Kara\u0111or\u0111ev trg 34, Zemun\" \/>\n<meta property=\"og:url\" content=\"https:\/\/medvis.rs\/en\/o-nama\/\" \/>\n<meta property=\"og:site_name\" content=\"MEDVIS\" \/>\n<meta property=\"article:modified_time\" content=\"2026-04-15T13:10:59+00:00\" \/>\n<meta name=\"twitter:card\" content=\"summary_large_image\" \/>\n<meta name=\"twitter:label1\" content=\"Estimated reading time\" \/>\n\t<meta name=\"twitter:data1\" content=\"1 minute\" \/>\n<script type=\"application\/ld+json\" class=\"yoast-schema-graph\">{\"@context\":\"https:\\\/\\\/schema.org\",\"@graph\":[{\"@type\":\"WebPage\",\"@id\":\"https:\\\/\\\/medvis.rs\\\/en\\\/o-nama\\\/\",\"url\":\"https:\\\/\\\/medvis.rs\\\/en\\\/o-nama\\\/\",\"name\":\"About Us\",\"isPartOf\":{\"@id\":\"https:\\\/\\\/medvis.rs\\\/#website\"},\"datePublished\":\"2016-11-01T15:39:26+00:00\",\"dateModified\":\"2026-04-15T13:10:59+00:00\",\"description\":\"Medical Virologists of Serbia (MEDVIS)Kara\u0111or\u0111ev trg 34, Zemun\",\"breadcrumb\":{\"@id\":\"https:\\\/\\\/medvis.rs\\\/en\\\/o-nama\\\/#breadcrumb\"},\"inLanguage\":\"en-GB\",\"potentialAction\":[{\"@type\":\"ReadAction\",\"target\":[\"https:\\\/\\\/medvis.rs\\\/en\\\/o-nama\\\/\"]}]},{\"@type\":\"BreadcrumbList\",\"@id\":\"https:\\\/\\\/medvis.rs\\\/en\\\/o-nama\\\/#breadcrumb\",\"itemListElement\":[{\"@type\":\"ListItem\",\"position\":1,\"name\":\"Home\",\"item\":\"https:\\\/\\\/medvis.rs\\\/\"},{\"@type\":\"ListItem\",\"position\":2,\"name\":\"About Us\"}]},{\"@type\":\"WebSite\",\"@id\":\"https:\\\/\\\/medvis.rs\\\/#website\",\"url\":\"https:\\\/\\\/medvis.rs\\\/\",\"name\":\"MEDVIS\",\"description\":\"Medicinski virusolozi Srbije\",\"publisher\":{\"@id\":\"https:\\\/\\\/medvis.rs\\\/#organization\"},\"potentialAction\":[{\"@type\":\"SearchAction\",\"target\":{\"@type\":\"EntryPoint\",\"urlTemplate\":\"https:\\\/\\\/medvis.rs\\\/?s={search_term_string}\"},\"query-input\":{\"@type\":\"PropertyValueSpecification\",\"valueRequired\":true,\"valueName\":\"search_term_string\"}}],\"inLanguage\":\"en-GB\"},{\"@type\":\"Organization\",\"@id\":\"https:\\\/\\\/medvis.rs\\\/#organization\",\"name\":\"Medicinski virusolozi Srbije\",\"url\":\"https:\\\/\\\/medvis.rs\\\/\",\"logo\":{\"@type\":\"ImageObject\",\"inLanguage\":\"en-GB\",\"@id\":\"https:\\\/\\\/medvis.rs\\\/#\\\/schema\\\/logo\\\/image\\\/\",\"url\":\"https:\\\/\\\/medvis.rs\\\/wp-content\\\/uploads\\\/2026\\\/04\\\/cropped-MEDVIS-Logo-REGULAR-OL-scaled-1.png\",\"contentUrl\":\"https:\\\/\\\/medvis.rs\\\/wp-content\\\/uploads\\\/2026\\\/04\\\/cropped-MEDVIS-Logo-REGULAR-OL-scaled-1.png\",\"width\":512,\"height\":512,\"caption\":\"Medicinski virusolozi Srbije\"},\"image\":{\"@id\":\"https:\\\/\\\/medvis.rs\\\/#\\\/schema\\\/logo\\\/image\\\/\"},\"sameAs\":[\"https:\\\/\\\/www.instagram.com\\\/medicinski_virusolozi_srbije?utm_source=ig_web_button_share_sheet&igsh=ZDNlZDc0MzIxNw==\"]}]}<\/script>\n<!-- \/ Yoast SEO plugin. -->","yoast_head_json":{"title":"About Us","description":"Medical Virologists of Serbia (MEDVIS)Kara\u0111or\u0111ev trg 34, Zemun","robots":{"index":"index","follow":"follow","max-snippet":"max-snippet:-1","max-image-preview":"max-image-preview:large","max-video-preview":"max-video-preview:-1"},"canonical":"https:\/\/medvis.rs\/en\/o-nama\/","og_locale":"en_GB","og_type":"article","og_title":"[:rs]O nama[:en]About Us[:] - MEDVIS","og_description":"[:rs]Vizija Medicinskih virusologa Srbije (MEDVIS) je objedinjavanje napora razli\u010ditih medicinskih grana u na\u0161oj zemlji i regionu[:en]Medical Virologists of Serbia (MEDVIS)Kara\u0111or\u0111ev trg 34, Zemun[:]","og_url":"https:\/\/medvis.rs\/en\/o-nama\/","og_site_name":"MEDVIS","article_modified_time":"2026-04-15T13:10:59+00:00","twitter_card":"summary_large_image","twitter_misc":{"Estimated reading time":"1 minute"},"schema":{"@context":"https:\/\/schema.org","@graph":[{"@type":"WebPage","@id":"https:\/\/medvis.rs\/en\/o-nama\/","url":"https:\/\/medvis.rs\/en\/o-nama\/","name":"About Us","isPartOf":{"@id":"https:\/\/medvis.rs\/#website"},"datePublished":"2016-11-01T15:39:26+00:00","dateModified":"2026-04-15T13:10:59+00:00","description":"Medical Virologists of Serbia (MEDVIS)Kara\u0111or\u0111ev trg 34, Zemun","breadcrumb":{"@id":"https:\/\/medvis.rs\/en\/o-nama\/#breadcrumb"},"inLanguage":"en-GB","potentialAction":[{"@type":"ReadAction","target":["https:\/\/medvis.rs\/en\/o-nama\/"]}]},{"@type":"BreadcrumbList","@id":"https:\/\/medvis.rs\/en\/o-nama\/#breadcrumb","itemListElement":[{"@type":"ListItem","position":1,"name":"Home","item":"https:\/\/medvis.rs\/"},{"@type":"ListItem","position":2,"name":"About Us"}]},{"@type":"WebSite","@id":"https:\/\/medvis.rs\/#website","url":"https:\/\/medvis.rs\/","name":"MEDVIS","description":"Medicinski virusolozi Srbije","publisher":{"@id":"https:\/\/medvis.rs\/#organization"},"potentialAction":[{"@type":"SearchAction","target":{"@type":"EntryPoint","urlTemplate":"https:\/\/medvis.rs\/?s={search_term_string}"},"query-input":{"@type":"PropertyValueSpecification","valueRequired":true,"valueName":"search_term_string"}}],"inLanguage":"en-GB"},{"@type":"Organization","@id":"https:\/\/medvis.rs\/#organization","name":"Medicinski virusolozi Srbije","url":"https:\/\/medvis.rs\/","logo":{"@type":"ImageObject","inLanguage":"en-GB","@id":"https:\/\/medvis.rs\/#\/schema\/logo\/image\/","url":"https:\/\/medvis.rs\/wp-content\/uploads\/2026\/04\/cropped-MEDVIS-Logo-REGULAR-OL-scaled-1.png","contentUrl":"https:\/\/medvis.rs\/wp-content\/uploads\/2026\/04\/cropped-MEDVIS-Logo-REGULAR-OL-scaled-1.png","width":512,"height":512,"caption":"Medicinski virusolozi Srbije"},"image":{"@id":"https:\/\/medvis.rs\/#\/schema\/logo\/image\/"},"sameAs":["https:\/\/www.instagram.com\/medicinski_virusolozi_srbije?utm_source=ig_web_button_share_sheet&igsh=ZDNlZDc0MzIxNw=="]}]}},"_links":{"self":[{"href":"https:\/\/medvis.rs\/en\/wp-json\/wp\/v2\/pages\/9","targetHints":{"allow":["GET"]}}],"collection":[{"href":"https:\/\/medvis.rs\/en\/wp-json\/wp\/v2\/pages"}],"about":[{"href":"https:\/\/medvis.rs\/en\/wp-json\/wp\/v2\/types\/page"}],"author":[{"embeddable":true,"href":"https:\/\/medvis.rs\/en\/wp-json\/wp\/v2\/users\/4"}],"replies":[{"embeddable":true,"href":"https:\/\/medvis.rs\/en\/wp-json\/wp\/v2\/comments?post=9"}],"version-history":[{"count":18,"href":"https:\/\/medvis.rs\/en\/wp-json\/wp\/v2\/pages\/9\/revisions"}],"predecessor-version":[{"id":1469,"href":"https:\/\/medvis.rs\/en\/wp-json\/wp\/v2\/pages\/9\/revisions\/1469"}],"wp:attachment":[{"href":"https:\/\/medvis.rs\/en\/wp-json\/wp\/v2\/media?parent=9"}],"curies":[{"name":"wp","href":"https:\/\/api.w.org\/{rel}","templated":true}]}}